{"id":1765,"date":"2022-03-15T17:06:01","date_gmt":"2022-03-15T17:06:01","guid":{"rendered":"https:\/\/yakimavalleytr.wpenginepowered.com\/servicios\/"},"modified":"2025-03-12T17:28:03","modified_gmt":"2025-03-12T17:28:03","slug":"servicios","status":"publish","type":"page","link":"https:\/\/www.yvtllc.com\/es\/servicios\/","title":{"rendered":"Servicios"},"content":{"rendered":"<h2><span>Nuestros servicios<\/span><\/h2>\n<h3><span>A lo largo de Am\u00e9rica del Norte,<\/span><br \/><span>Te tenemos cubierto<\/span><\/h3>\n<p><img decoding=\"async\" src=\"\/wp-content\/uploads\/2025\/03\/services-1.png\" alt=\"\"><\/p>\n<h5><span>Cami\u00f3n de carga completa (FTL)<\/span><\/h5>\n<div>\n<p><span>Con una carga de cami\u00f3n completa, el cami\u00f3n est\u00e1 completamente reservado para su carga.<\/span> <span>Aunque no ocupes todo el espacio del cami\u00f3n, la capacidad del cami\u00f3n es exclusivamente tuya.<\/span> <span>Esto puede ser mejor para la carga que es delicada y fr\u00e1gil, tiene un tiempo de recogida no flexible o la entrega es urgente.<\/span> <span>Todo lo que supere los 12 pal\u00e9s tambi\u00e9n debe utilizar un FTL.<\/span><\/p>\n<\/div>\n<h5><span>Menos de cami\u00f3n completo (LTL)<\/span><\/h5>\n<div>\n<p><span>Aqu\u00ed es cuando transferimos m\u00faltiples cargas juntas, cuando su carga no requiere un cami\u00f3n completo. Estos servicios son mejores para fletes de 1 a 6 tarimas, hay cierta flexibilidad en la entrega y desea ser rentable.<\/span><\/p>\n<\/div>\n<p><img decoding=\"async\" src=\"\/wp-content\/uploads\/2025\/03\/services-2.png\" alt=\"\"><br \/>\n<img decoding=\"async\" src=\"\/wp-content\/uploads\/2025\/03\/services-3.png\" alt=\"\"><\/p>\n<h5><span>Transfronterizo<\/span><\/h5>\n<div>\n<p><span>Podemos enviar su carga a todo Estados Unidos, M\u00e9xico y Canad\u00e1. Both dry and refrigerated services. Tanto servicios secos como refrigerados. Su carga se maneja cuidadosamente a trav\u00e9s de las fronteras con nuestro equipo profesional y experimentado.<\/span><\/p>\n<\/div>\n<h5><span>Carga Refrigerada<\/span><\/h5>\n<div>\n<p><span>Utilizamos sistemas de \u00faltima generaci\u00f3n que dominan el control de calidad, el control de temperatura y la durabilidad para sus necesidades de refrigeraci\u00f3n.<\/span><\/p>\n<\/div>\n<p><img decoding=\"async\" src=\"\/wp-content\/uploads\/2022\/02\/Artboard-1_2.png\" alt=\"\"><\/p>\n<ul>\n<li>\n<h2>10k+<\/h2>\n<div>\n<p><span>Entregado<\/span><\/p>\n<\/div>\n<\/li>\n<li>\n<h2>20k+<\/h2>\n<div>\n<p><span>Cliente Satisfecho<\/span><\/p>\n<\/div>\n<\/li>\n<li>\n<h2>5M<\/h2>\n<div>\n<p><span>Paquetes entregados<\/span><\/p>\n<\/div>\n<\/li>\n<\/ul>\n<p><!--more--><br \/>\n<!-- {\"type\":\"layout\",\"children\":[{\"type\":\"section\",\"props\":{\"image\":\"wp-content\\\/uploads\\\/2025\\\/03\\\/home-page-gradient.png\",\"image_position\":\"center-center\",\"image_size\":\"cover\",\"media_overlay\":\"rgba(25, 25, 25, 0.5)\",\"padding\":\"xlarge\",\"style\":\"default\",\"title_breakpoint\":\"xl\",\"title_position\":\"top-left\",\"title_rotation\":\"left\",\"vertical_align\":\"middle\",\"width\":\"default\"},\"children\":[{\"type\":\"row\",\"props\":{\"layout\":\"1-2,1-2\",\"match\":false},\"children\":[{\"type\":\"column\",\"props\":{\"image_position\":\"center-center\",\"position_sticky_breakpoint\":\"m\",\"width_medium\":\"1-2\"},\"children\":[{\"type\":\"headline\",\"props\":{\"class\":\"ws-top-header-line\",\"content\":\"<span>Nuestros servicios<\\\/span>\",\"margin\":\"remove-vertical\",\"title_color\":\"primary\",\"title_decoration\":\"line\",\"title_element\":\"h2\"}}]},{\"type\":\"column\",\"props\":{\"image_position\":\"center-center\",\"position_sticky_breakpoint\":\"m\",\"width_medium\":\"1-2\"},\"children\":[{\"type\":\"breadcrumbs\",\"props\":{\"class\":\"ws-breadcrumbs\",\"show_current\":true,\"show_home\":true,\"text_align\":\"right\"}}]}]}]},{\"type\":\"section\",\"props\":{\"image_position\":\"center-center\",\"style\":\"default\",\"title_breakpoint\":\"xl\",\"title_position\":\"top-left\",\"title_rotation\":\"left\",\"vertical_align\":\"middle\",\"width\":\"default\"},\"children\":[{\"type\":\"row\",\"children\":[{\"type\":\"column\",\"props\":{\"image_position\":\"center-center\",\"position_sticky_breakpoint\":\"m\"},\"children\":[{\"type\":\"headline\",\"props\":{\"content\":\"<span>A lo largo de Am\\u00e9rica del Norte,<\\\/span><br \\\/><span>Te tenemos cubierto<\\\/span>\",\"text_align\":\"center\",\"title_element\":\"h3\"}}]}]}]},{\"type\":\"section\",\"props\":{\"class\":\"ws-shipping-quote-block\",\"image_position\":\"center-center\",\"padding\":\"none\",\"style\":\"default\",\"title_breakpoint\":\"xl\",\"title_position\":\"top-left\",\"title_rotation\":\"left\",\"vertical_align\":\"middle\",\"width\":\"default\"},\"children\":[{\"type\":\"row\",\"props\":{\"layout\":\"1-2,1-2\"},\"children\":[{\"type\":\"column\",\"props\":{\"image_position\":\"center-center\",\"position_sticky_breakpoint\":\"m\",\"width_medium\":\"1-2\"},\"children\":[{\"type\":\"image\",\"props\":{\"image\":\"wp-content\\\/uploads\\\/2025\\\/03\\\/services-1.png\",\"image_svg_color\":\"emphasis\",\"image_width\":\"530\",\"margin\":\"default\"}}]},{\"type\":\"column\",\"props\":{\"image_position\":\"center-center\",\"position_sticky_breakpoint\":\"m\",\"width_medium\":\"1-2\"},\"children\":[{\"type\":\"headline\",\"props\":{\"content\":\"<span>Cami\\u00f3n de carga completa (FTL)<\\\/span>\",\"title_color\":\"emphasis\",\"title_decoration\":\"line\",\"title_element\":\"h5\"}},{\"type\":\"text\",\"props\":{\"column_breakpoint\":\"m\",\"content\":\"\n\n<p><span>Con una carga de cami\\u00f3n completa, el cami\\u00f3n est\\u00e1 completamente reservado para su carga.<\\\/span> <span>Aunque no ocupes todo el espacio del cami\\u00f3n, la capacidad del cami\\u00f3n es exclusivamente tuya.<\\\/span> <span>Esto puede ser mejor para la carga que es delicada y fr\\u00e1gil, tiene un tiempo de recogida no flexible o la entrega es urgente.<\\\/span> <span>Todo lo que supere los 12 pal\\u00e9s tambi\\u00e9n debe utilizar un FTL.<\\\/span><\\\/p>\",\"margin\":\"default\",\"text_color\":\"emphasis\"}}]}]},{\"type\":\"row\",\"props\":{\"layout\":\"1-2,1-2\"},\"children\":[{\"type\":\"column\",\"props\":{\"image_position\":\"center-center\",\"position_sticky_breakpoint\":\"m\",\"width_medium\":\"1-2\"},\"children\":[{\"type\":\"headline\",\"props\":{\"content\":\"<span>Menos de cami\\u00f3n completo (LTL)<\\\/span>\",\"title_color\":\"emphasis\",\"title_decoration\":\"line\",\"title_element\":\"h5\"}},{\"type\":\"text\",\"props\":{\"column_breakpoint\":\"m\",\"content\":\"\n\n<p><span>Aqu\\u00ed es cuando transferimos m\\u00faltiples cargas juntas, cuando su carga no requiere un cami\\u00f3n completo. Estos servicios son mejores para fletes de 1 a 6 tarimas, hay cierta flexibilidad en la entrega y desea ser rentable.<\\\/span><\\\/p>\",\"margin\":\"default\",\"text_color\":\"emphasis\"}}]},{\"type\":\"column\",\"props\":{\"image_position\":\"center-center\",\"position_sticky_breakpoint\":\"m\",\"width_medium\":\"1-2\"},\"children\":[{\"type\":\"image\",\"props\":{\"image\":\"wp-content\\\/uploads\\\/2025\\\/03\\\/services-2.png\",\"image_svg_color\":\"emphasis\",\"margin\":\"default\"}}]}]},{\"type\":\"row\",\"props\":{\"layout\":\"1-2,1-2\"},\"children\":[{\"type\":\"column\",\"props\":{\"image_position\":\"center-center\",\"position_sticky_breakpoint\":\"m\",\"width_medium\":\"1-2\"},\"children\":[{\"type\":\"image\",\"props\":{\"image\":\"wp-content\\\/uploads\\\/2025\\\/03\\\/services-3.png\",\"image_svg_color\":\"emphasis\",\"image_width\":\"530\",\"margin\":\"default\"}}]},{\"type\":\"column\",\"props\":{\"image_position\":\"center-center\",\"position_sticky_breakpoint\":\"m\",\"width_medium\":\"1-2\"},\"children\":[{\"type\":\"headline\",\"props\":{\"content\":\"<span>Transfronterizo<\\\/span>\",\"title_color\":\"emphasis\",\"title_decoration\":\"line\",\"title_element\":\"h5\"}},{\"type\":\"text\",\"props\":{\"column_breakpoint\":\"m\",\"content\":\"\n\n<p><span>Podemos enviar su carga a todo Estados Unidos, M\\u00e9xico y Canad\\u00e1. Both dry and refrigerated services. Tanto servicios secos como refrigerados. Su carga se maneja cuidadosamente a trav\\u00e9s de las fronteras con nuestro equipo profesional y experimentado.<\\\/span><\\\/p>\",\"margin\":\"default\",\"text_color\":\"emphasis\"}}]}]},{\"type\":\"row\",\"props\":{\"layout\":\"1-2,1-2\"},\"children\":[{\"type\":\"column\",\"props\":{\"image_position\":\"center-center\",\"position_sticky_breakpoint\":\"m\",\"width_medium\":\"1-2\"},\"children\":[{\"type\":\"headline\",\"props\":{\"content\":\"<span>Carga Refrigerada<\\\/span>\",\"title_color\":\"emphasis\",\"title_decoration\":\"line\",\"title_element\":\"h5\"}},{\"type\":\"text\",\"props\":{\"column_breakpoint\":\"m\",\"content\":\"\n\n<p><span>Utilizamos sistemas de \\u00faltima generaci\\u00f3n que dominan el control de calidad, el control de temperatura y la durabilidad para sus necesidades de refrigeraci\\u00f3n.<\\\/span><\\\/p>\",\"margin\":\"default\",\"text_color\":\"emphasis\"}}]},{\"type\":\"column\",\"props\":{\"image_position\":\"center-center\",\"position_sticky_breakpoint\":\"m\",\"width_medium\":\"1-2\"},\"children\":[{\"type\":\"image\",\"props\":{\"image\":\"wp-content\\\/uploads\\\/2022\\\/02\\\/Artboard-1_2.png\",\"image_svg_color\":\"emphasis\",\"margin\":\"default\"}}]}]}]},{\"type\":\"section\",\"props\":{\"class\":\"ws-bottom-section\",\"image_position\":\"center-center\",\"padding\":\"large\",\"style\":\"default\",\"title_breakpoint\":\"xl\",\"title_position\":\"top-left\",\"title_rotation\":\"left\",\"vertical_align\":\"middle\",\"width\":\"default\"},\"children\":[{\"type\":\"row\",\"children\":[{\"type\":\"column\",\"props\":{\"image_position\":\"center-center\",\"position_sticky_breakpoint\":\"m\"},\"children\":[{\"type\":\"grid\",\"props\":{\"class\":\"ws-home-indicators\",\"content_column_breakpoint\":\"m\",\"content_margin\":\"remove\",\"content_style\":\"text-lead\",\"filter_align\":\"left\",\"filter_all\":true,\"filter_grid_breakpoint\":\"m\",\"filter_grid_width\":\"auto\",\"filter_position\":\"top\",\"filter_style\":\"tab\",\"grid_default\":\"1\",\"grid_medium\":\"3\",\"icon_width\":80,\"image_align\":\"top\",\"image_grid_breakpoint\":\"m\",\"image_grid_width\":\"1-2\",\"image_svg_color\":\"emphasis\",\"item_animation\":true,\"link_style\":\"default\",\"link_text\":\"Read more\",\"margin\":\"default\",\"meta_align\":\"below-title\",\"meta_element\":\"div\",\"meta_style\":\"text-meta\",\"panel_padding\":\"small\",\"parallax_easing\":\"1\",\"show_content\":true,\"show_image\":true,\"show_link\":true,\"show_meta\":true,\"show_title\":true,\"text_align\":\"center\",\"title_align\":\"top\",\"title_element\":\"h2\",\"title_grid_breakpoint\":\"m\",\"title_grid_width\":\"1-2\",\"title_hover_style\":\"reset\",\"title_style\":\"h1\"},\"children\":[{\"type\":\"grid_item\",\"props\":{\"content\":\"\n\n<p><span>Entregado<\\\/span><\\\/p>\",\"panel_style\":\"card-secondary\",\"title\":\"10k+\"}},{\"type\":\"grid_item\",\"props\":{\"content\":\"\n\n<p><span>Cliente Satisfecho<\\\/span><\\\/p>\",\"panel_style\":\"card-secondary\",\"title\":\"20k+\"}},{\"type\":\"grid_item\",\"props\":{\"content\":\"\n\n<p><span>Paquetes entregados<\\\/span><\\\/p>\",\"panel_style\":\"card-secondary\",\"title\":\"5M\"}}]}]}]}],\"modified\":\"2021-12-29T12:12:10.302Z\",\"name\":\"Home-indicators\"}],\"version\":\"4.3.5\"} --><\/p>\n","protected":false},"excerpt":{"rendered":"<p>Nuestros servicios A lo largo de Am\u00e9rica del Norte,Te tenemos cubierto Cami\u00f3n de carga completa (FTL) Con una carga de cami\u00f3n completa, el cami\u00f3n est\u00e1 completamente reservado para su carga. Aunque no ocupes todo el espacio del cami\u00f3n, la capacidad del cami\u00f3n es exclusivamente tuya. Esto puede ser mejor para la carga que es delicada [&hellip;]<\/p>\n","protected":false},"author":1,"featured_media":0,"parent":0,"menu_order":0,"comment_status":"closed","ping_status":"closed","template":"","meta":{"footnotes":""},"class_list":["post-1765","page","type-page","status-publish","hentry"],"yoast_head":"<!-- This site is optimized with the Yoast SEO plugin v27.4 - https:\/\/yoast.com\/product\/yoast-seo-wordpress\/ -->\n<title>Servicios | Transporte del Valle de Yakima | Yakima, Washington | 509-823-4588<\/title>\n<meta name=\"robots\" content=\"index, follow, max-snippet:-1, max-image-preview:large, max-video-preview:-1\" \/>\n<link rel=\"canonical\" href=\"https:\/\/www.yvtllc.com\/es\/servicios\/\" \/>\n<meta property=\"og:locale\" content=\"es_ES\" \/>\n<meta property=\"og:type\" content=\"article\" \/>\n<meta property=\"og:title\" content=\"Servicios | Transporte del Valle de Yakima | Yakima, Washington | 509-823-4588\" \/>\n<meta property=\"og:description\" content=\"Nuestros servicios A lo largo de Am\u00e9rica del Norte,Te tenemos cubierto Cami\u00f3n de carga completa (FTL) Con una carga de cami\u00f3n completa, el cami\u00f3n est\u00e1 completamente reservado para su carga. Aunque no ocupes todo el espacio del cami\u00f3n, la capacidad del cami\u00f3n es exclusivamente tuya. Esto puede ser mejor para la carga que es delicada [&hellip;]\" \/>\n<meta property=\"og:url\" content=\"https:\/\/www.yvtllc.com\/es\/servicios\/\" \/>\n<meta property=\"og:site_name\" content=\"Yakima Valley Transportation\" \/>\n<meta property=\"article:modified_time\" content=\"2025-03-12T17:28:03+00:00\" \/>\n<meta name=\"twitter:card\" content=\"summary_large_image\" \/>\n<meta name=\"twitter:label1\" content=\"Tiempo de lectura\" \/>\n\t<meta name=\"twitter:data1\" content=\"1 minuto\" \/>\n<script type=\"application\/ld+json\" class=\"yoast-schema-graph\">{\"@context\":\"https:\\\/\\\/schema.org\",\"@graph\":[{\"@type\":\"WebPage\",\"@id\":\"https:\\\/\\\/www.yvtllc.com\\\/es\\\/servicios\\\/\",\"url\":\"https:\\\/\\\/www.yvtllc.com\\\/es\\\/servicios\\\/\",\"name\":\"Servicios | Transporte del Valle de Yakima | Yakima, Washington | 509-823-4588\",\"isPartOf\":{\"@id\":\"https:\\\/\\\/www.yvtllc.com\\\/es\\\/#website\"},\"datePublished\":\"2022-03-15T17:06:01+00:00\",\"dateModified\":\"2025-03-12T17:28:03+00:00\",\"breadcrumb\":{\"@id\":\"https:\\\/\\\/www.yvtllc.com\\\/es\\\/servicios\\\/#breadcrumb\"},\"inLanguage\":\"es\",\"potentialAction\":[{\"@type\":\"ReadAction\",\"target\":[\"https:\\\/\\\/www.yvtllc.com\\\/es\\\/servicios\\\/\"]}]},{\"@type\":\"BreadcrumbList\",\"@id\":\"https:\\\/\\\/www.yvtllc.com\\\/es\\\/servicios\\\/#breadcrumb\",\"itemListElement\":[{\"@type\":\"ListItem\",\"position\":1,\"name\":\"Home\",\"item\":\"https:\\\/\\\/www.yvtllc.com\\\/es\\\/\"},{\"@type\":\"ListItem\",\"position\":2,\"name\":\"Servicios\"}]},{\"@type\":\"WebSite\",\"@id\":\"https:\\\/\\\/www.yvtllc.com\\\/es\\\/#website\",\"url\":\"https:\\\/\\\/www.yvtllc.com\\\/es\\\/\",\"name\":\"Yakima Valley Transportation\",\"description\":\"Google Web Host\",\"potentialAction\":[{\"@type\":\"SearchAction\",\"target\":{\"@type\":\"EntryPoint\",\"urlTemplate\":\"https:\\\/\\\/www.yvtllc.com\\\/es\\\/?s={search_term_string}\"},\"query-input\":{\"@type\":\"PropertyValueSpecification\",\"valueRequired\":true,\"valueName\":\"search_term_string\"}}],\"inLanguage\":\"es\"}]}<\/script>\n<!-- \/ Yoast SEO plugin. -->","yoast_head_json":{"title":"Servicios | Transporte del Valle de Yakima | Yakima, Washington | 509-823-4588","robots":{"index":"index","follow":"follow","max-snippet":"max-snippet:-1","max-image-preview":"max-image-preview:large","max-video-preview":"max-video-preview:-1"},"canonical":"https:\/\/www.yvtllc.com\/es\/servicios\/","og_locale":"es_ES","og_type":"article","og_title":"Servicios | Transporte del Valle de Yakima | Yakima, Washington | 509-823-4588","og_description":"Nuestros servicios A lo largo de Am\u00e9rica del Norte,Te tenemos cubierto Cami\u00f3n de carga completa (FTL) Con una carga de cami\u00f3n completa, el cami\u00f3n est\u00e1 completamente reservado para su carga. Aunque no ocupes todo el espacio del cami\u00f3n, la capacidad del cami\u00f3n es exclusivamente tuya. Esto puede ser mejor para la carga que es delicada [&hellip;]","og_url":"https:\/\/www.yvtllc.com\/es\/servicios\/","og_site_name":"Yakima Valley Transportation","article_modified_time":"2025-03-12T17:28:03+00:00","twitter_card":"summary_large_image","twitter_misc":{"Tiempo de lectura":"1 minuto"},"schema":{"@context":"https:\/\/schema.org","@graph":[{"@type":"WebPage","@id":"https:\/\/www.yvtllc.com\/es\/servicios\/","url":"https:\/\/www.yvtllc.com\/es\/servicios\/","name":"Servicios | Transporte del Valle de Yakima | Yakima, Washington | 509-823-4588","isPartOf":{"@id":"https:\/\/www.yvtllc.com\/es\/#website"},"datePublished":"2022-03-15T17:06:01+00:00","dateModified":"2025-03-12T17:28:03+00:00","breadcrumb":{"@id":"https:\/\/www.yvtllc.com\/es\/servicios\/#breadcrumb"},"inLanguage":"es","potentialAction":[{"@type":"ReadAction","target":["https:\/\/www.yvtllc.com\/es\/servicios\/"]}]},{"@type":"BreadcrumbList","@id":"https:\/\/www.yvtllc.com\/es\/servicios\/#breadcrumb","itemListElement":[{"@type":"ListItem","position":1,"name":"Home","item":"https:\/\/www.yvtllc.com\/es\/"},{"@type":"ListItem","position":2,"name":"Servicios"}]},{"@type":"WebSite","@id":"https:\/\/www.yvtllc.com\/es\/#website","url":"https:\/\/www.yvtllc.com\/es\/","name":"Yakima Valley Transportation","description":"Google Web Host","potentialAction":[{"@type":"SearchAction","target":{"@type":"EntryPoint","urlTemplate":"https:\/\/www.yvtllc.com\/es\/?s={search_term_string}"},"query-input":{"@type":"PropertyValueSpecification","valueRequired":true,"valueName":"search_term_string"}}],"inLanguage":"es"}]}},"_links":{"self":[{"href":"https:\/\/www.yvtllc.com\/es\/wp-json\/wp\/v2\/pages\/1765","targetHints":{"allow":["GET"]}}],"collection":[{"href":"https:\/\/www.yvtllc.com\/es\/wp-json\/wp\/v2\/pages"}],"about":[{"href":"https:\/\/www.yvtllc.com\/es\/wp-json\/wp\/v2\/types\/page"}],"author":[{"embeddable":true,"href":"https:\/\/www.yvtllc.com\/es\/wp-json\/wp\/v2\/users\/1"}],"replies":[{"embeddable":true,"href":"https:\/\/www.yvtllc.com\/es\/wp-json\/wp\/v2\/comments?post=1765"}],"version-history":[{"count":0,"href":"https:\/\/www.yvtllc.com\/es\/wp-json\/wp\/v2\/pages\/1765\/revisions"}],"wp:attachment":[{"href":"https:\/\/www.yvtllc.com\/es\/wp-json\/wp\/v2\/media?parent=1765"}],"curies":[{"name":"wp","href":"https:\/\/api.w.org\/{rel}","templated":true}]}}