{"id":1759,"date":"2022-03-15T17:03:30","date_gmt":"2022-03-15T17:03:30","guid":{"rendered":"https:\/\/yakimavalleytr.wpenginepowered.com\/conocer-al-equipo\/"},"modified":"2022-04-08T19:31:51","modified_gmt":"2022-04-08T19:31:51","slug":"conocer-al-equipo","status":"publish","type":"page","link":"https:\/\/www.yvtllc.com\/es\/conocer-al-equipo\/","title":{"rendered":"Conocer al equipo"},"content":{"rendered":"<h2><span>Conocer Al Equipo<\/span><\/h2>\n<ul>\n<li>\n<p>        <img decoding=\"async\" src=\"\/wp-content\/uploads\/2022\/03\/Artboard-1_7.png\" alt=\"\"><\/p>\n<h5>Tony Serrano<\/h5>\n<p>Fundador y jefe ejecutivo<\/p>\n<div>\n<p class=\"\"><a href=\"#\" class=\"ws-meet-icon-fb\"><\/a><br \/>\n    <a href=\"#\" class=\"ws-meet-icon-linkedin\"><\/a><br \/>\n    <a href=\"#\" class=\"ws-meet-icon-instagram\"><\/a>\n<\/p>\n<\/div>\n<\/li>\n<li>\n<p>        <img decoding=\"async\" src=\"\/wp-content\/uploads\/2022\/03\/Artboard-1_6.png\" alt=\"\"><\/p>\n<h5>Ricardo Galvan<\/h5>\n<p>Gerente general<\/p>\n<div>\n<p class=\"\"><a href=\"#\" class=\"ws-meet-icon-fb\"><\/a><br \/>\n    <a href=\"#\" class=\"ws-meet-icon-linkedin\"><\/a><br \/>\n    <a href=\"#\" class=\"ws-meet-icon-instagram\"><\/a>\n<\/p>\n<\/div>\n<\/li>\n<li>\n<p>        <img decoding=\"async\" src=\"\/wp-content\/uploads\/2022\/03\/Artboard-1_1.png\" alt=\"\"><\/p>\n<h5>Danna Villa<\/h5>\n<p>Coordinador s\u00e9nior de log\u00edstica<\/p>\n<div>\n<p class=\"\"><a href=\"#\" class=\"ws-meet-icon-fb\"><\/a><br \/>\n    <a href=\"#\" class=\"ws-meet-icon-linkedin\"><\/a><br \/>\n    <a href=\"#\" class=\"ws-meet-icon-instagram\"><\/a>\n<\/p>\n<\/div>\n<\/li>\n<li>\n<p>        <img decoding=\"async\" src=\"\/wp-content\/uploads\/2022\/03\/Artboard-1_3.png\" alt=\"\"><\/p>\n<h5>Monica Young<\/h5>\n<p>Coordinador s\u00e9nior de log\u00edstica<\/p>\n<div>\n<p class=\"\"><a href=\"#\" class=\"ws-meet-icon-fb\"><\/a><br \/>\n    <a href=\"#\" class=\"ws-meet-icon-linkedin\"><\/a><br \/>\n    <a href=\"#\" class=\"ws-meet-icon-instagram\"><\/a>\n<\/p>\n<\/div>\n<\/li>\n<li>\n<p>        <img decoding=\"async\" src=\"\/wp-content\/uploads\/2022\/03\/Artboard-1_8.png\" alt=\"\"><\/p>\n<h5>Crystal Gonzales<\/h5>\n<p>Coordinador s\u00e9nior de log\u00edstica<\/p>\n<div>\n<p class=\"\"><a href=\"#\" class=\"ws-meet-icon-fb\"><\/a><br \/>\n    <a href=\"#\" class=\"ws-meet-icon-linkedin\"><\/a><br \/>\n    <a href=\"#\" class=\"ws-meet-icon-instagram\"><\/a>\n<\/p>\n<\/div>\n<\/li>\n<li>\n<p>        <img decoding=\"async\" src=\"\/wp-content\/uploads\/2022\/03\/Artboard-1_2.png\" alt=\"\"><\/p>\n<h5>Luis Paredes<\/h5>\n<p>Coordinador s\u00e9nior de log\u00edstica<\/p>\n<div>\n<p class=\"\"><a href=\"#\" class=\"ws-meet-icon-fb\"><\/a><br \/>\n    <a href=\"#\" class=\"ws-meet-icon-linkedin\"><\/a><br \/>\n    <a href=\"#\" class=\"ws-meet-icon-instagram\"><\/a>\n<\/p>\n<\/div>\n<\/li>\n<li>\n<p>        <img decoding=\"async\" src=\"\/wp-content\/uploads\/2022\/03\/Artboard-1_4.png\" alt=\"\"><\/p>\n<h5>Rosa Mendoza<\/h5>\n<p>Coordinador de Log\u00edstica <\/p>\n<div>\n<p class=\"\"><a href=\"#\" class=\"ws-meet-icon-fb\"><\/a><br \/>\n    <a href=\"#\" class=\"ws-meet-icon-linkedin\"><\/a><br \/>\n    <a href=\"#\" class=\"ws-meet-icon-instagram\"><\/a>\n<\/p>\n<\/div>\n<\/li>\n<li>\n<p>        <img decoding=\"async\" src=\"\/wp-content\/uploads\/2022\/03\/Artboard-1.png\" alt=\"\"><\/p>\n<h5>Alma Mendoza<\/h5>\n<p>Gerente de Contabilidad<\/p>\n<div>\n<p class=\"\"><a href=\"#\" class=\"ws-meet-icon-fb\"><\/a><br \/>\n    <a href=\"#\" class=\"ws-meet-icon-linkedin\"><\/a><br \/>\n    <a href=\"#\" class=\"ws-meet-icon-instagram\"><\/a>\n<\/p>\n<\/div>\n<\/li>\n<li>\n<p>        <img decoding=\"async\" src=\"\/wp-content\/uploads\/2022\/03\/Artboard-1_9.png\" alt=\"\"><\/p>\n<h5>Kaden Magana<\/h5>\n<p>Apoyo<\/p>\n<div>\n<p class=\"\"><a href=\"#\" class=\"ws-meet-icon-fb\"><\/a><br \/>\n    <a href=\"#\" class=\"ws-meet-icon-linkedin\"><\/a><br \/>\n    <a href=\"#\" class=\"ws-meet-icon-instagram\"><\/a>\n<\/p>\n<\/div>\n<\/li>\n<li>\n<p>        <img decoding=\"async\" src=\"\/wp-content\/uploads\/2022\/03\/Artboard-1_5.png\" alt=\"\"><\/p>\n<h5>Crystal Rojas<\/h5>\n<p>Apoyo<\/p>\n<div>\n<p class=\"\"><a href=\"#\" class=\"ws-meet-icon-fb\"><\/a><br \/>\n    <a href=\"#\" class=\"ws-meet-icon-linkedin\"><\/a><br \/>\n    <a href=\"#\" class=\"ws-meet-icon-instagram\"><\/a>\n<\/p>\n<\/div>\n<\/li>\n<\/ul>\n<p><!--more--><br \/>\n<!-- {\"children\":[{\"type\":\"section\",\"props\":{\"style\":\"default\",\"width\":\"default\",\"vertical_align\":\"middle\",\"title_position\":\"top-left\",\"title_rotation\":\"left\",\"title_breakpoint\":\"xl\",\"image_position\":\"center-center\",\"image\":\"wp-content\\\/uploads\\\/2022\\\/01\\\/YVT-Main-Image.png\",\"media_overlay\":\"rgba(25, 25, 25, 0.5)\",\"image_size\":\"cover\",\"padding\":\"xlarge\"},\"children\":[{\"type\":\"row\",\"props\":{\"layout\":\"1-2,1-2\",\"match\":false},\"children\":[{\"type\":\"column\",\"props\":{\"position_sticky_breakpoint\":\"m\",\"image_position\":\"center-center\",\"media_overlay_gradient\":\"\",\"width_medium\":\"1-2\"},\"children\":[{\"type\":\"headline\",\"props\":{\"title_element\":\"h2\",\"content\":\"<span>Conocer Al Equipo<\\\/span>\",\"title_color\":\"primary\",\"margin\":\"remove-vertical\",\"title_decoration\":\"line\",\"class\":\"ws-top-header-line\"}}]},{\"type\":\"column\",\"props\":{\"position_sticky_breakpoint\":\"m\",\"image_position\":\"center-center\",\"media_overlay_gradient\":\"\",\"width_medium\":\"1-2\"},\"children\":[{\"type\":\"breadcrumbs\",\"props\":{\"show_home\":true,\"show_current\":true,\"text_align\":\"right\",\"class\":\"ws-breadcrumbs\"}}]}]}],\"modified\":\"2021-12-29T12:59:48.357Z\",\"name\":\"Banner-block-top\"},{\"type\":\"section\",\"props\":{\"style\":\"default\",\"width\":\"default\",\"vertical_align\":\"middle\",\"title_position\":\"top-left\",\"title_rotation\":\"left\",\"title_breakpoint\":\"xl\",\"image_position\":\"center-center\",\"class\":\"ws-bottom-section\"},\"children\":[{\"type\":\"row\",\"children\":[{\"type\":\"column\",\"props\":{\"position_sticky_breakpoint\":\"m\",\"image_position\":\"center-center\",\"media_overlay_gradient\":\"\"},\"children\":[{\"type\":\"grid\",\"props\":{\"show_title\":true,\"show_meta\":true,\"show_content\":false,\"show_image\":true,\"show_link\":true,\"grid_default\":\"1\",\"grid_medium\":\"3\",\"filter_style\":\"tab\",\"filter_all\":true,\"filter_position\":\"top\",\"filter_align\":\"left\",\"filter_grid_width\":\"auto\",\"filter_grid_breakpoint\":\"m\",\"title_hover_style\":\"reset\",\"title_element\":\"h5\",\"title_align\":\"top\",\"title_grid_width\":\"1-2\",\"title_grid_breakpoint\":\"m\",\"meta_style\":\"meta\",\"meta_align\":\"below-title\",\"meta_element\":\"div\",\"content_column_breakpoint\":\"m\",\"icon_width\":80,\"image_align\":\"top\",\"image_grid_width\":\"1-2\",\"image_grid_breakpoint\":\"m\",\"image_svg_color\":\"emphasis\",\"link_text\":\"Read more\",\"link_style\":\"default\",\"margin\":\"default\",\"item_animation\":true,\"image_link\":true,\"text_align\":\"center\",\"class\":\"ws-meet-item\",\"title_color\":\"emphasis\",\"title_margin\":\"remove\",\"meta_margin\":\"small\"},\"children\":[{\"type\":\"grid_item\",\"props\":{\"title\":\"Tony Serrano\",\"image\":\"wp-content\\\/uploads\\\/2022\\\/03\\\/Artboard-1_7.png\",\"link\":\"\",\"image_alt\":\"\",\"link_text\":\"\",\"tags\":\"\",\"meta\":\"Fundador y jefe ejecutivo\",\"content\":\"\n\n<p class=\\\"\\\"><a href=\\\"#\\\" class=\\\"ws-meet-icon-fb\\\"><\\\/a>\\n    <a href=\\\"#\\\" class=\\\"ws-meet-icon-linkedin\\\"><\\\/a>\\n    <a href=\\\"#\\\" class=\\\"ws-meet-icon-instagram\\\"><\\\/a>\\n<\\\/p>\"}},{\"type\":\"grid_item\",\"props\":{\"title\":\"Ricardo Galvan\",\"image\":\"wp-content\\\/uploads\\\/2022\\\/03\\\/Artboard-1_6.png\",\"link\":\"\",\"image_alt\":\"\",\"link_text\":\"\",\"tags\":\"\",\"meta\":\"Gerente general\",\"content\":\"\n\n<p class=\\\"\\\"><a href=\\\"#\\\" class=\\\"ws-meet-icon-fb\\\"><\\\/a>\\n    <a href=\\\"#\\\" class=\\\"ws-meet-icon-linkedin\\\"><\\\/a>\\n    <a href=\\\"#\\\" class=\\\"ws-meet-icon-instagram\\\"><\\\/a>\\n<\\\/p>\"}},{\"type\":\"grid_item\",\"props\":{\"title\":\"Danna Villa\",\"image\":\"wp-content\\\/uploads\\\/2022\\\/03\\\/Artboard-1_1.png\",\"link\":\"\",\"image_alt\":\"\",\"link_text\":\"\",\"tags\":\"\",\"meta\":\"Coordinador s\\u00e9nior de log\\u00edstica\",\"content\":\"\n\n<p class=\\\"\\\"><a href=\\\"#\\\" class=\\\"ws-meet-icon-fb\\\"><\\\/a>\\n    <a href=\\\"#\\\" class=\\\"ws-meet-icon-linkedin\\\"><\\\/a>\\n    <a href=\\\"#\\\" class=\\\"ws-meet-icon-instagram\\\"><\\\/a>\\n<\\\/p>\"}},{\"type\":\"grid_item\",\"props\":{\"title\":\"Monica Young\",\"image\":\"wp-content\\\/uploads\\\/2022\\\/03\\\/Artboard-1_3.png\",\"link\":\"\",\"image_alt\":\"\",\"link_text\":\"\",\"tags\":\"\",\"meta\":\"Coordinador s\\u00e9nior de log\\u00edstica\",\"content\":\"\n\n<p class=\\\"\\\"><a href=\\\"#\\\" class=\\\"ws-meet-icon-fb\\\"><\\\/a>\\n    <a href=\\\"#\\\" class=\\\"ws-meet-icon-linkedin\\\"><\\\/a>\\n    <a href=\\\"#\\\" class=\\\"ws-meet-icon-instagram\\\"><\\\/a>\\n<\\\/p>\"}},{\"type\":\"grid_item\",\"props\":{\"title\":\"Crystal Gonzales\",\"image\":\"wp-content\\\/uploads\\\/2022\\\/03\\\/Artboard-1_8.png\",\"link\":\"\",\"image_alt\":\"\",\"link_text\":\"\",\"tags\":\"\",\"meta\":\"Coordinador s\\u00e9nior de log\\u00edstica\",\"content\":\"\n\n<p class=\\\"\\\"><a href=\\\"#\\\" class=\\\"ws-meet-icon-fb\\\"><\\\/a>\\n    <a href=\\\"#\\\" class=\\\"ws-meet-icon-linkedin\\\"><\\\/a>\\n    <a href=\\\"#\\\" class=\\\"ws-meet-icon-instagram\\\"><\\\/a>\\n<\\\/p>\"}},{\"type\":\"grid_item\",\"props\":{\"title\":\"Luis Paredes\",\"image\":\"wp-content\\\/uploads\\\/2022\\\/03\\\/Artboard-1_2.png\",\"link\":\"\",\"image_alt\":\"\",\"link_text\":\"\",\"tags\":\"\",\"meta\":\"Coordinador s\\u00e9nior de log\\u00edstica\",\"content\":\"\n\n<p class=\\\"\\\"><a href=\\\"#\\\" class=\\\"ws-meet-icon-fb\\\"><\\\/a>\\n    <a href=\\\"#\\\" class=\\\"ws-meet-icon-linkedin\\\"><\\\/a>\\n    <a href=\\\"#\\\" class=\\\"ws-meet-icon-instagram\\\"><\\\/a>\\n<\\\/p>\"}},{\"type\":\"grid_item\",\"props\":{\"title\":\"Rosa Mendoza\",\"image\":\"wp-content\\\/uploads\\\/2022\\\/03\\\/Artboard-1_4.png\",\"link\":\"\",\"image_alt\":\"\",\"link_text\":\"\",\"tags\":\"\",\"meta\":\"Coordinador de Log\\u00edstica \",\"content\":\"\n\n<p class=\\\"\\\"><a href=\\\"#\\\" class=\\\"ws-meet-icon-fb\\\"><\\\/a>\\n    <a href=\\\"#\\\" class=\\\"ws-meet-icon-linkedin\\\"><\\\/a>\\n    <a href=\\\"#\\\" class=\\\"ws-meet-icon-instagram\\\"><\\\/a>\\n<\\\/p>\"}},{\"type\":\"grid_item\",\"props\":{\"title\":\"Alma Mendoza\",\"image\":\"wp-content\\\/uploads\\\/2022\\\/03\\\/Artboard-1.png\",\"link\":\"\",\"image_alt\":\"\",\"link_text\":\"\",\"tags\":\"\",\"meta\":\"Gerente de Contabilidad\",\"content\":\"\n\n<p class=\\\"\\\"><a href=\\\"#\\\" class=\\\"ws-meet-icon-fb\\\"><\\\/a>\\n    <a href=\\\"#\\\" class=\\\"ws-meet-icon-linkedin\\\"><\\\/a>\\n    <a href=\\\"#\\\" class=\\\"ws-meet-icon-instagram\\\"><\\\/a>\\n<\\\/p>\"}},{\"type\":\"grid_item\",\"props\":{\"title\":\"Kaden Magana\",\"image\":\"wp-content\\\/uploads\\\/2022\\\/03\\\/Artboard-1_9.png\",\"link\":\"\",\"image_alt\":\"\",\"link_text\":\"\",\"tags\":\"\",\"meta\":\"Apoyo\",\"content\":\"\n\n<p class=\\\"\\\"><a href=\\\"#\\\" class=\\\"ws-meet-icon-fb\\\"><\\\/a>\\n    <a href=\\\"#\\\" class=\\\"ws-meet-icon-linkedin\\\"><\\\/a>\\n    <a href=\\\"#\\\" class=\\\"ws-meet-icon-instagram\\\"><\\\/a>\\n<\\\/p>\"}},{\"type\":\"grid_item\",\"props\":{\"title\":\"Crystal Rojas\",\"image\":\"wp-content\\\/uploads\\\/2022\\\/03\\\/Artboard-1_5.png\",\"link\":\"\",\"image_alt\":\"\",\"link_text\":\"\",\"tags\":\"\",\"meta\":\"Apoyo\",\"content\":\"\n\n<p class=\\\"\\\"><a href=\\\"#\\\" class=\\\"ws-meet-icon-fb\\\"><\\\/a>\\n    <a href=\\\"#\\\" class=\\\"ws-meet-icon-linkedin\\\"><\\\/a>\\n    <a href=\\\"#\\\" class=\\\"ws-meet-icon-instagram\\\"><\\\/a>\\n<\\\/p>\"}}]}]}]}]}],\"type\":\"layout\",\"version\":\"2.7.20\"} --><\/p>\n","protected":false},"excerpt":{"rendered":"<p>Conocer Al Equipo Tony Serrano Fundador y jefe ejecutivo Ricardo Galvan Gerente general Danna Villa Coordinador s\u00e9nior de log\u00edstica Monica Young Coordinador s\u00e9nior de log\u00edstica Crystal Gonzales Coordinador s\u00e9nior de log\u00edstica Luis Paredes Coordinador s\u00e9nior de log\u00edstica Rosa Mendoza Coordinador de Log\u00edstica Alma Mendoza Gerente de Contabilidad Kaden Magana Apoyo Crystal Rojas Apoyo<\/p>\n","protected":false},"author":1,"featured_media":0,"parent":0,"menu_order":0,"comment_status":"closed","ping_status":"closed","template":"","meta":{"footnotes":""},"class_list":["post-1759","page","type-page","status-publish","hentry"],"yoast_head":"<!-- This site is optimized with the Yoast SEO plugin v27.3 - https:\/\/yoast.com\/product\/yoast-seo-wordpress\/ -->\n<title>Conozca al Equipo Transporte del Valle de Yakima | Yakima, Washington | 509-823-4588<\/title>\n<meta name=\"robots\" content=\"index, follow, max-snippet:-1, max-image-preview:large, max-video-preview:-1\" \/>\n<link rel=\"canonical\" href=\"https:\/\/www.yvtllc.com\/es\/conocer-al-equipo\/\" \/>\n<meta property=\"og:locale\" content=\"es_ES\" \/>\n<meta property=\"og:type\" content=\"article\" \/>\n<meta property=\"og:title\" content=\"Conozca al Equipo Transporte del Valle de Yakima | Yakima, Washington | 509-823-4588\" \/>\n<meta property=\"og:description\" content=\"Conocer Al Equipo Tony Serrano Fundador y jefe ejecutivo Ricardo Galvan Gerente general Danna Villa Coordinador s\u00e9nior de log\u00edstica Monica Young Coordinador s\u00e9nior de log\u00edstica Crystal Gonzales Coordinador s\u00e9nior de log\u00edstica Luis Paredes Coordinador s\u00e9nior de log\u00edstica Rosa Mendoza Coordinador de Log\u00edstica Alma Mendoza Gerente de Contabilidad Kaden Magana Apoyo Crystal Rojas Apoyo\" \/>\n<meta property=\"og:url\" content=\"https:\/\/www.yvtllc.com\/es\/conocer-al-equipo\/\" \/>\n<meta property=\"og:site_name\" content=\"Yakima Valley Transportation\" \/>\n<meta property=\"article:modified_time\" content=\"2022-04-08T19:31:51+00:00\" \/>\n<meta name=\"twitter:card\" content=\"summary_large_image\" \/>\n<script type=\"application\/ld+json\" class=\"yoast-schema-graph\">{\"@context\":\"https:\\\/\\\/schema.org\",\"@graph\":[{\"@type\":\"WebPage\",\"@id\":\"https:\\\/\\\/www.yvtllc.com\\\/es\\\/conocer-al-equipo\\\/\",\"url\":\"https:\\\/\\\/www.yvtllc.com\\\/es\\\/conocer-al-equipo\\\/\",\"name\":\"Conozca al Equipo Transporte del Valle de Yakima | Yakima, Washington | 509-823-4588\",\"isPartOf\":{\"@id\":\"https:\\\/\\\/www.yvtllc.com\\\/es\\\/#website\"},\"datePublished\":\"2022-03-15T17:03:30+00:00\",\"dateModified\":\"2022-04-08T19:31:51+00:00\",\"breadcrumb\":{\"@id\":\"https:\\\/\\\/www.yvtllc.com\\\/es\\\/conocer-al-equipo\\\/#breadcrumb\"},\"inLanguage\":\"es\",\"potentialAction\":[{\"@type\":\"ReadAction\",\"target\":[\"https:\\\/\\\/www.yvtllc.com\\\/es\\\/conocer-al-equipo\\\/\"]}]},{\"@type\":\"BreadcrumbList\",\"@id\":\"https:\\\/\\\/www.yvtllc.com\\\/es\\\/conocer-al-equipo\\\/#breadcrumb\",\"itemListElement\":[{\"@type\":\"ListItem\",\"position\":1,\"name\":\"Home\",\"item\":\"https:\\\/\\\/www.yvtllc.com\\\/es\\\/\"},{\"@type\":\"ListItem\",\"position\":2,\"name\":\"Conocer al equipo\"}]},{\"@type\":\"WebSite\",\"@id\":\"https:\\\/\\\/www.yvtllc.com\\\/es\\\/#website\",\"url\":\"https:\\\/\\\/www.yvtllc.com\\\/es\\\/\",\"name\":\"Yakima Valley Transportation\",\"description\":\"Google Web Host\",\"potentialAction\":[{\"@type\":\"SearchAction\",\"target\":{\"@type\":\"EntryPoint\",\"urlTemplate\":\"https:\\\/\\\/www.yvtllc.com\\\/es\\\/?s={search_term_string}\"},\"query-input\":{\"@type\":\"PropertyValueSpecification\",\"valueRequired\":true,\"valueName\":\"search_term_string\"}}],\"inLanguage\":\"es\"}]}<\/script>\n<!-- \/ Yoast SEO plugin. -->","yoast_head_json":{"title":"Conozca al Equipo Transporte del Valle de Yakima | Yakima, Washington | 509-823-4588","robots":{"index":"index","follow":"follow","max-snippet":"max-snippet:-1","max-image-preview":"max-image-preview:large","max-video-preview":"max-video-preview:-1"},"canonical":"https:\/\/www.yvtllc.com\/es\/conocer-al-equipo\/","og_locale":"es_ES","og_type":"article","og_title":"Conozca al Equipo Transporte del Valle de Yakima | Yakima, Washington | 509-823-4588","og_description":"Conocer Al Equipo Tony Serrano Fundador y jefe ejecutivo Ricardo Galvan Gerente general Danna Villa Coordinador s\u00e9nior de log\u00edstica Monica Young Coordinador s\u00e9nior de log\u00edstica Crystal Gonzales Coordinador s\u00e9nior de log\u00edstica Luis Paredes Coordinador s\u00e9nior de log\u00edstica Rosa Mendoza Coordinador de Log\u00edstica Alma Mendoza Gerente de Contabilidad Kaden Magana Apoyo Crystal Rojas Apoyo","og_url":"https:\/\/www.yvtllc.com\/es\/conocer-al-equipo\/","og_site_name":"Yakima Valley Transportation","article_modified_time":"2022-04-08T19:31:51+00:00","twitter_card":"summary_large_image","schema":{"@context":"https:\/\/schema.org","@graph":[{"@type":"WebPage","@id":"https:\/\/www.yvtllc.com\/es\/conocer-al-equipo\/","url":"https:\/\/www.yvtllc.com\/es\/conocer-al-equipo\/","name":"Conozca al Equipo Transporte del Valle de Yakima | Yakima, Washington | 509-823-4588","isPartOf":{"@id":"https:\/\/www.yvtllc.com\/es\/#website"},"datePublished":"2022-03-15T17:03:30+00:00","dateModified":"2022-04-08T19:31:51+00:00","breadcrumb":{"@id":"https:\/\/www.yvtllc.com\/es\/conocer-al-equipo\/#breadcrumb"},"inLanguage":"es","potentialAction":[{"@type":"ReadAction","target":["https:\/\/www.yvtllc.com\/es\/conocer-al-equipo\/"]}]},{"@type":"BreadcrumbList","@id":"https:\/\/www.yvtllc.com\/es\/conocer-al-equipo\/#breadcrumb","itemListElement":[{"@type":"ListItem","position":1,"name":"Home","item":"https:\/\/www.yvtllc.com\/es\/"},{"@type":"ListItem","position":2,"name":"Conocer al equipo"}]},{"@type":"WebSite","@id":"https:\/\/www.yvtllc.com\/es\/#website","url":"https:\/\/www.yvtllc.com\/es\/","name":"Yakima Valley Transportation","description":"Google Web Host","potentialAction":[{"@type":"SearchAction","target":{"@type":"EntryPoint","urlTemplate":"https:\/\/www.yvtllc.com\/es\/?s={search_term_string}"},"query-input":{"@type":"PropertyValueSpecification","valueRequired":true,"valueName":"search_term_string"}}],"inLanguage":"es"}]}},"_links":{"self":[{"href":"https:\/\/www.yvtllc.com\/es\/wp-json\/wp\/v2\/pages\/1759","targetHints":{"allow":["GET"]}}],"collection":[{"href":"https:\/\/www.yvtllc.com\/es\/wp-json\/wp\/v2\/pages"}],"about":[{"href":"https:\/\/www.yvtllc.com\/es\/wp-json\/wp\/v2\/types\/page"}],"author":[{"embeddable":true,"href":"https:\/\/www.yvtllc.com\/es\/wp-json\/wp\/v2\/users\/1"}],"replies":[{"embeddable":true,"href":"https:\/\/www.yvtllc.com\/es\/wp-json\/wp\/v2\/comments?post=1759"}],"version-history":[{"count":0,"href":"https:\/\/www.yvtllc.com\/es\/wp-json\/wp\/v2\/pages\/1759\/revisions"}],"wp:attachment":[{"href":"https:\/\/www.yvtllc.com\/es\/wp-json\/wp\/v2\/media?parent=1759"}],"curies":[{"name":"wp","href":"https:\/\/api.w.org\/{rel}","templated":true}]}}