{"id":1754,"date":"2022-03-15T17:02:35","date_gmt":"2022-03-15T17:02:35","guid":{"rendered":"https:\/\/yakimavalleytr.wpenginepowered.com\/preguntas-mas-frecuentes\/"},"modified":"2025-03-12T17:28:18","modified_gmt":"2025-03-12T17:28:18","slug":"preguntas-mas-frecuentes","status":"publish","type":"page","link":"https:\/\/www.yvtllc.com\/es\/preguntas-mas-frecuentes\/","title":{"rendered":"Preguntas m\u00e1s frecuentes"},"content":{"rendered":"<h2><span>Preguntas M\u00e1s Frecuentes<\/span><\/h2>\n<h3><span>Preguntas M\u00e1s Frecuentes<\/span> sobre Yakima Valley Transportation<\/h3>\n<ul>\n<li>\n<h3>\u00bfSolo realizan env\u00edos desde Yakima WA?<\/h3>\n<div>\n<p><span>YVT LLC est\u00e1 configurado para enviar o recibir en cualquier parte de los U.S. La ubicaci\u00f3n de un corredor de carga no importa tanto como sus calificaciones.<\/span><span> Ya sea que elija a alguien en la calle o al otro lado de los U.S., use estos tres factores para examinar las empresas de corredores de carga y encontrar el socio adecuado para su negocio.<\/span><\/p>\n<ol>\n<li><span>Experiencia<\/span><\/li>\n<li><span>Con licencia, en condiciones de servidumbre y asegurado<\/span><\/li>\n<li><span>Asociaciones de transportistas<\/span><\/li>\n<\/ol>\n<\/div>\n<\/li>\n<li>\n<h3>\u00bfQu\u00e9 es un corredor de carga?<\/h3>\n<div>\n<p><span>Un corredor de carga es un intermediario entre un cargador y un proveedor de servicios de carga. Los agentes de carga pueden especializarse en ciertos tipos de carga, como el transporte de equipos en plataformas bajas, sobredimensionados, camiones cisterna a granel, autom\u00f3viles u otros tipos de transporte de carga.<\/span><\/p>\n<\/div>\n<\/li>\n<li>\n<h3>\u00bfPor qu\u00e9 las empresas utilizan agentes de carga?<\/h3>\n<div>\n<p><span>Ya sea que transporte carga o necesite enviarla, hay tantas partes m\u00f3viles que es f\u00e1cil dejar caer la pelota. Los errores de comunicaci\u00f3n, los retrasos y los da\u00f1os en el transporte pueden costarle a la empresa p\u00e9rdidas de tiempo y dinero. Para los transportistas, a medida que aumentan sus operaciones y env\u00edan m\u00e1s carga, es posible que no tengan una l\u00ednea de cr\u00e9dito para cubrir la carga por adelantado. Tambi\u00e9n es posible que no tengan tiempo o personal para mantener un nivel de est\u00e1ndares de calidad.<\/span><span> Como transportista de carga, necesita acceso confiable a la carga durante todo el a\u00f1o para poder aumentar o mantener su nivel de ganancias.<\/span><span> No importa en qu\u00e9 extremo de la ecuaci\u00f3n se encuentre, es beneficioso trabajar con agentes de carga.<\/span><\/p>\n<\/div>\n<\/li>\n<li>\n<h3>\u00bfC\u00f3mo elige YVT LLC a sus transportistas asociados?<\/h3>\n<div>\n<p><span>Estamos verificando la seguridad primero. Cada empresa pasa por un proceso de doble verificaci\u00f3n para confirmar todas las licencias legales y el seguro. Tambi\u00e9n calificamos a nuestros transportistas por la calidad del servicio y las entregas a tiempo.<\/span><\/p>\n<\/div>\n<\/li>\n<\/ul>\n<p><!--more--><br \/>\n<!-- {\"children\":[{\"type\":\"section\",\"props\":{\"image\":\"wp-content\\\/uploads\\\/2025\\\/03\\\/home-page-gradient.png\",\"image_position\":\"center-center\",\"image_size\":\"cover\",\"media_overlay\":\"rgba(25, 25, 25, 0.5)\",\"padding\":\"xlarge\",\"style\":\"default\",\"title_breakpoint\":\"xl\",\"title_position\":\"top-left\",\"title_rotation\":\"left\",\"vertical_align\":\"middle\",\"width\":\"default\"},\"children\":[{\"type\":\"row\",\"props\":{\"layout\":\"1-2,1-2\",\"match\":false},\"children\":[{\"type\":\"column\",\"props\":{\"image_position\":\"center-center\",\"position_sticky_breakpoint\":\"m\",\"width_medium\":\"1-2\"},\"children\":[{\"type\":\"headline\",\"props\":{\"class\":\"ws-top-header-line\",\"content\":\"<span>Preguntas M\\u00e1s Frecuentes<\\\/span>\",\"margin\":\"remove-vertical\",\"title_color\":\"primary\",\"title_decoration\":\"line\",\"title_element\":\"h2\"}}]},{\"type\":\"column\",\"props\":{\"image_position\":\"center-center\",\"position_sticky_breakpoint\":\"m\",\"width_medium\":\"1-2\"},\"children\":[{\"type\":\"breadcrumbs\",\"props\":{\"class\":\"ws-breadcrumbs\",\"show_current\":true,\"show_home\":true,\"text_align\":\"right\"}}]}]}],\"modified\":\"2021-12-29T15:22:34.466Z\",\"name\":\"Banner-block-top\"},{\"type\":\"section\",\"props\":{\"class\":\"ws-bottom-section\",\"image_position\":\"center-center\",\"style\":\"default\",\"title_breakpoint\":\"xl\",\"title_position\":\"top-left\",\"title_rotation\":\"left\",\"vertical_align\":\"middle\",\"width\":\"default\"},\"children\":[{\"type\":\"row\",\"props\":{\"layout\":\"1-2,1-2\"},\"children\":[{\"type\":\"column\",\"props\":{\"image_position\":\"center-center\",\"position_sticky_breakpoint\":\"m\",\"width_medium\":\"1-2\"},\"children\":[{\"type\":\"headline\",\"props\":{\"content\":\"<span>Preguntas M\\u00e1s Frecuentes<\\\/span> sobre Yakima Valley Transportation\",\"title_color\":\"muted\",\"title_element\":\"h3\"}}]},{\"type\":\"column\",\"props\":{\"image_position\":\"center-center\",\"position_sticky_breakpoint\":\"m\",\"width_medium\":\"1-2\"},\"children\":[{\"type\":\"accordion\",\"props\":{\"class\":\"ws-faq-accordion\",\"collapsible\":false,\"content_column_breakpoint\":\"m\",\"image_align\":\"top\",\"image_grid_breakpoint\":\"m\",\"image_grid_width\":\"1-2\",\"image_svg_color\":\"emphasis\",\"link_style\":\"default\",\"link_text\":\"Read more\",\"multiple\":false,\"show_image\":true,\"show_link\":true},\"children\":[{\"type\":\"accordion_item\",\"props\":{\"content\":\"\n\n<p><span>YVT LLC est\\u00e1 configurado para enviar o recibir en cualquier parte de los U.S. La ubicaci\\u00f3n de un corredor de carga no importa tanto como sus calificaciones.<\\\/span><span> Ya sea que elija a alguien en la calle o al otro lado de los U.S., use estos tres factores para examinar las empresas de corredores de carga y encontrar el socio adecuado para su negocio.<\\\/span><\\\/p>\\n\n\n<ol>\\n\n\n<li><span>Experiencia<\\\/span><\\\/li>\\n\n\n<li><span>Con licencia, en condiciones de servidumbre y asegurado<\\\/span><\\\/li>\\n\n\n<li><span>Asociaciones de transportistas<\\\/span><\\\/li>\\n<\\\/ol>\",\"title\":\"\\u00bfSolo realizan env\\u00edos desde Yakima WA?\"}},{\"type\":\"accordion_item\",\"props\":{\"content\":\"\n\n<p><span>Un corredor de carga es un intermediario entre un cargador y un proveedor de servicios de carga. Los agentes de carga pueden especializarse en ciertos tipos de carga, como el transporte de equipos en plataformas bajas, sobredimensionados, camiones cisterna a granel, autom\\u00f3viles u otros tipos de transporte de carga.<\\\/span><\\\/p>\",\"title\":\"\\u00bfQu\\u00e9 es un corredor de carga?\"}},{\"type\":\"accordion_item\",\"props\":{\"content\":\"\n\n<p><span>Ya sea que transporte carga o necesite enviarla, hay tantas partes m\\u00f3viles que es f\\u00e1cil dejar caer la pelota. Los errores de comunicaci\\u00f3n, los retrasos y los da\\u00f1os en el transporte pueden costarle a la empresa p\\u00e9rdidas de tiempo y dinero. Para los transportistas, a medida que aumentan sus operaciones y env\\u00edan m\\u00e1s carga, es posible que no tengan una l\\u00ednea de cr\\u00e9dito para cubrir la carga por adelantado. Tambi\\u00e9n es posible que no tengan tiempo o personal para mantener un nivel de est\\u00e1ndares de calidad.<\\\/span><span> Como transportista de carga, necesita acceso confiable a la carga durante todo el a\\u00f1o para poder aumentar o mantener su nivel de ganancias.<\\\/span><span> No importa en qu\\u00e9 extremo de la ecuaci\\u00f3n se encuentre, es beneficioso trabajar con agentes de carga.<\\\/span><\\\/p>\",\"title\":\"\\u00bfPor qu\\u00e9 las empresas utilizan agentes de carga?\"}},{\"type\":\"accordion_item\",\"props\":{\"content\":\"\n\n<p><span>Estamos verificando la seguridad primero. Cada empresa pasa por un proceso de doble verificaci\\u00f3n para confirmar todas las licencias legales y el seguro. Tambi\\u00e9n calificamos a nuestros transportistas por la calidad del servicio y las entregas a tiempo.<\\\/span><\\\/p>\",\"title\":\"\\u00bfC\\u00f3mo elige YVT LLC a sus transportistas asociados?\"}}]}]}]}]}],\"type\":\"layout\",\"version\":\"4.3.5\"} --><\/p>\n","protected":false},"excerpt":{"rendered":"<p>Preguntas M\u00e1s Frecuentes Preguntas M\u00e1s Frecuentes sobre Yakima Valley Transportation \u00bfSolo realizan env\u00edos desde Yakima WA? YVT LLC est\u00e1 configurado para enviar o recibir en cualquier parte de los U.S. La ubicaci\u00f3n de un corredor de carga no importa tanto como sus calificaciones. Ya sea que elija a alguien en la calle o al otro [&hellip;]<\/p>\n","protected":false},"author":1,"featured_media":0,"parent":0,"menu_order":0,"comment_status":"closed","ping_status":"closed","template":"","meta":{"footnotes":""},"class_list":["post-1754","page","type-page","status-publish","hentry"],"yoast_head":"<!-- This site is optimized with the Yoast SEO plugin v27.6 - https:\/\/yoast.com\/product\/yoast-seo-wordpress\/ -->\n<title>Preguntas frecuentes | Transporte del Valle de Yakima | Yakima, Washington | 509-823-4588<\/title>\n<meta name=\"robots\" content=\"index, follow, max-snippet:-1, max-image-preview:large, max-video-preview:-1\" \/>\n<link rel=\"canonical\" href=\"https:\/\/www.yvtllc.com\/es\/preguntas-mas-frecuentes\/\" \/>\n<meta property=\"og:locale\" content=\"es_ES\" \/>\n<meta property=\"og:type\" content=\"article\" \/>\n<meta property=\"og:title\" content=\"Preguntas frecuentes | Transporte del Valle de Yakima | Yakima, Washington | 509-823-4588\" \/>\n<meta property=\"og:description\" content=\"Preguntas M\u00e1s Frecuentes Preguntas M\u00e1s Frecuentes sobre Yakima Valley Transportation \u00bfSolo realizan env\u00edos desde Yakima WA? YVT LLC est\u00e1 configurado para enviar o recibir en cualquier parte de los U.S. La ubicaci\u00f3n de un corredor de carga no importa tanto como sus calificaciones. Ya sea que elija a alguien en la calle o al otro [&hellip;]\" \/>\n<meta property=\"og:url\" content=\"https:\/\/www.yvtllc.com\/es\/preguntas-mas-frecuentes\/\" \/>\n<meta property=\"og:site_name\" content=\"Yakima Valley Transportation\" \/>\n<meta property=\"article:modified_time\" content=\"2025-03-12T17:28:18+00:00\" \/>\n<meta name=\"twitter:card\" content=\"summary_large_image\" \/>\n<meta name=\"twitter:label1\" content=\"Tiempo de lectura\" \/>\n\t<meta name=\"twitter:data1\" content=\"2 minutos\" \/>\n<script type=\"application\/ld+json\" class=\"yoast-schema-graph\">{\"@context\":\"https:\\\/\\\/schema.org\",\"@graph\":[{\"@type\":\"WebPage\",\"@id\":\"https:\\\/\\\/www.yvtllc.com\\\/es\\\/preguntas-mas-frecuentes\\\/\",\"url\":\"https:\\\/\\\/www.yvtllc.com\\\/es\\\/preguntas-mas-frecuentes\\\/\",\"name\":\"Preguntas frecuentes | Transporte del Valle de Yakima | Yakima, Washington | 509-823-4588\",\"isPartOf\":{\"@id\":\"https:\\\/\\\/www.yvtllc.com\\\/es\\\/#website\"},\"datePublished\":\"2022-03-15T17:02:35+00:00\",\"dateModified\":\"2025-03-12T17:28:18+00:00\",\"breadcrumb\":{\"@id\":\"https:\\\/\\\/www.yvtllc.com\\\/es\\\/preguntas-mas-frecuentes\\\/#breadcrumb\"},\"inLanguage\":\"es\",\"potentialAction\":[{\"@type\":\"ReadAction\",\"target\":[\"https:\\\/\\\/www.yvtllc.com\\\/es\\\/preguntas-mas-frecuentes\\\/\"]}]},{\"@type\":\"BreadcrumbList\",\"@id\":\"https:\\\/\\\/www.yvtllc.com\\\/es\\\/preguntas-mas-frecuentes\\\/#breadcrumb\",\"itemListElement\":[{\"@type\":\"ListItem\",\"position\":1,\"name\":\"Home\",\"item\":\"https:\\\/\\\/www.yvtllc.com\\\/es\\\/\"},{\"@type\":\"ListItem\",\"position\":2,\"name\":\"Preguntas m\u00e1s frecuentes\"}]},{\"@type\":\"WebSite\",\"@id\":\"https:\\\/\\\/www.yvtllc.com\\\/es\\\/#website\",\"url\":\"https:\\\/\\\/www.yvtllc.com\\\/es\\\/\",\"name\":\"Yakima Valley Transportation\",\"description\":\"Google Web Host\",\"potentialAction\":[{\"@type\":\"SearchAction\",\"target\":{\"@type\":\"EntryPoint\",\"urlTemplate\":\"https:\\\/\\\/www.yvtllc.com\\\/es\\\/?s={search_term_string}\"},\"query-input\":{\"@type\":\"PropertyValueSpecification\",\"valueRequired\":true,\"valueName\":\"search_term_string\"}}],\"inLanguage\":\"es\"}]}<\/script>\n<!-- \/ Yoast SEO plugin. -->","yoast_head_json":{"title":"Preguntas frecuentes | Transporte del Valle de Yakima | Yakima, Washington | 509-823-4588","robots":{"index":"index","follow":"follow","max-snippet":"max-snippet:-1","max-image-preview":"max-image-preview:large","max-video-preview":"max-video-preview:-1"},"canonical":"https:\/\/www.yvtllc.com\/es\/preguntas-mas-frecuentes\/","og_locale":"es_ES","og_type":"article","og_title":"Preguntas frecuentes | Transporte del Valle de Yakima | Yakima, Washington | 509-823-4588","og_description":"Preguntas M\u00e1s Frecuentes Preguntas M\u00e1s Frecuentes sobre Yakima Valley Transportation \u00bfSolo realizan env\u00edos desde Yakima WA? YVT LLC est\u00e1 configurado para enviar o recibir en cualquier parte de los U.S. La ubicaci\u00f3n de un corredor de carga no importa tanto como sus calificaciones. Ya sea que elija a alguien en la calle o al otro [&hellip;]","og_url":"https:\/\/www.yvtllc.com\/es\/preguntas-mas-frecuentes\/","og_site_name":"Yakima Valley Transportation","article_modified_time":"2025-03-12T17:28:18+00:00","twitter_card":"summary_large_image","twitter_misc":{"Tiempo de lectura":"2 minutos"},"schema":{"@context":"https:\/\/schema.org","@graph":[{"@type":"WebPage","@id":"https:\/\/www.yvtllc.com\/es\/preguntas-mas-frecuentes\/","url":"https:\/\/www.yvtllc.com\/es\/preguntas-mas-frecuentes\/","name":"Preguntas frecuentes | Transporte del Valle de Yakima | Yakima, Washington | 509-823-4588","isPartOf":{"@id":"https:\/\/www.yvtllc.com\/es\/#website"},"datePublished":"2022-03-15T17:02:35+00:00","dateModified":"2025-03-12T17:28:18+00:00","breadcrumb":{"@id":"https:\/\/www.yvtllc.com\/es\/preguntas-mas-frecuentes\/#breadcrumb"},"inLanguage":"es","potentialAction":[{"@type":"ReadAction","target":["https:\/\/www.yvtllc.com\/es\/preguntas-mas-frecuentes\/"]}]},{"@type":"BreadcrumbList","@id":"https:\/\/www.yvtllc.com\/es\/preguntas-mas-frecuentes\/#breadcrumb","itemListElement":[{"@type":"ListItem","position":1,"name":"Home","item":"https:\/\/www.yvtllc.com\/es\/"},{"@type":"ListItem","position":2,"name":"Preguntas m\u00e1s frecuentes"}]},{"@type":"WebSite","@id":"https:\/\/www.yvtllc.com\/es\/#website","url":"https:\/\/www.yvtllc.com\/es\/","name":"Yakima Valley Transportation","description":"Google Web Host","potentialAction":[{"@type":"SearchAction","target":{"@type":"EntryPoint","urlTemplate":"https:\/\/www.yvtllc.com\/es\/?s={search_term_string}"},"query-input":{"@type":"PropertyValueSpecification","valueRequired":true,"valueName":"search_term_string"}}],"inLanguage":"es"}]}},"_links":{"self":[{"href":"https:\/\/www.yvtllc.com\/es\/wp-json\/wp\/v2\/pages\/1754","targetHints":{"allow":["GET"]}}],"collection":[{"href":"https:\/\/www.yvtllc.com\/es\/wp-json\/wp\/v2\/pages"}],"about":[{"href":"https:\/\/www.yvtllc.com\/es\/wp-json\/wp\/v2\/types\/page"}],"author":[{"embeddable":true,"href":"https:\/\/www.yvtllc.com\/es\/wp-json\/wp\/v2\/users\/1"}],"replies":[{"embeddable":true,"href":"https:\/\/www.yvtllc.com\/es\/wp-json\/wp\/v2\/comments?post=1754"}],"version-history":[{"count":0,"href":"https:\/\/www.yvtllc.com\/es\/wp-json\/wp\/v2\/pages\/1754\/revisions"}],"wp:attachment":[{"href":"https:\/\/www.yvtllc.com\/es\/wp-json\/wp\/v2\/media?parent=1754"}],"curies":[{"name":"wp","href":"https:\/\/api.w.org\/{rel}","templated":true}]}}